{"id":7891,"date":"2026-02-03T15:50:56","date_gmt":"2026-02-03T14:50:56","guid":{"rendered":"https:\/\/cirmar.com\/reinkarneer\/"},"modified":"2026-02-03T15:50:56","modified_gmt":"2026-02-03T14:50:56","slug":"reinkarneer","status":"publish","type":"page","link":"https:\/\/www.cirmar.dkpnt.nl\/de\/reinkarneer\/","title":{"rendered":"Re\u00efnkarneer"},"content":{"rendered":"\n<div style=\"height:118px\" aria-hidden=\"true\" class=\"wp-block-spacer\"><\/div>\n\n<p class=\"has-medium-font-size\"><strong>Der \u00dcbergang zu einer Kreislaufwirtschaft steht und f\u00e4llt mit zuverl\u00e4ssigen, anwendbaren Informationen \u00fcber Materialien. Diese Woche markiert den offiziellen Startschuss f\u00fcr das Projekt Re\u00efnkarneer: eine von der Europ\u00e4ischen Union gef\u00f6rderte Zusammenarbeit (JTF), die sich auf die Entwicklung einer gemeinsamen Sprache f\u00fcr recycelte Inhaltsstoffe konzentriert. Das Projekt beginnt mit Kunststoffen, blickt aber ausdr\u00fccklich dar\u00fcber hinaus.<\/strong><\/p>\n\n<div style=\"height:72px\" aria-hidden=\"true\" class=\"wp-block-spacer\"><\/div>\n\n<figure class=\"wp-block-image\"><img decoding=\"async\" src=\"https:\/\/fbbasic.com\/app\/uploads\/2025\/12\/Plaque-Reinkarneer-1080x675.jpg\" alt=\"Re&#xEF;nkarneer: Auf dem Weg zu einer gemeinsamen Sprache f&#xFC;r recycelte Inhalte\"\/><\/figure>\n\n<div style=\"height:72px\" aria-hidden=\"true\" class=\"wp-block-spacer\"><\/div>\n\n<h2 class=\"wp-block-heading\">Warum eine gemeinsame Sprache f\u00fcr recycelte Inhalte unverzichtbar ist<\/h2>\n\n<p class=\"has-medium-font-size\">Recycelte Materialien spielen in der Industrie eine immer gr\u00f6\u00dfere Rolle, aber ihre Verwendung bleibt hinter den Ambitionen zur\u00fcck. Das liegt nicht an mangelnder Motivation, sondern an einem strukturellen Problem: unzureichende eindeutige Informationen.<\/p>\n\n<p class=\"has-medium-font-size\">Unternehmen stehen heute vor mehreren Herausforderungen:<\/p>\n\n<ul class=\"wp-block-list\">\n<li class=\"has-medium-font-size\">geopolitische Spannungen, die die Rohstoffsicherheit unter Druck setzen;<\/li>\n\n\n\n<li class=\"has-medium-font-size\">Dumping von billigen Neuplastikprodukten auf dem europ\u00e4ischen Markt;<\/li>\n\n\n\n<li class=\"has-medium-font-size\">Mischungsverpflichtungen aufgrund von Gesetzen und Vorschriften;<\/li>\n\n\n\n<li class=\"has-medium-font-size\">und eine wachsende Nachfrage nach <strong>zuverl\u00e4ssigen, \u00fcberpr\u00fcfbaren Daten \u00fcber recycelte Inhaltsstoffe.<\/strong><\/li>\n<\/ul>\n\n<p class=\"has-medium-font-size\">Ohne klare Vereinbarungen dar\u00fcber, wie recyceltes Material charakterisiert und bezeichnet wird, bleibt die Wiederverwendung komplex, risikoreich und oft wirtschaftlich unattraktiv.<\/p>\n\n<div style=\"height:72px\" aria-hidden=\"true\" class=\"wp-block-spacer\"><\/div>\n\n<figure class=\"wp-block-image\"><img decoding=\"async\" src=\"https:\/\/core.fuga.cloud:8080\/db65bd9df005494ab29dbe1819cb94fe:cirmar-com\/uploads\/2022\/11\/Kick-off-Reinkarneer-1024x768.jpg\" alt=\"\" class=\"wp-image-1543\"\/><\/figure>\n\n<div style=\"height:72px\" aria-hidden=\"true\" class=\"wp-block-spacer\"><\/div>\n\n<h2 class=\"wp-block-heading\">Was ist das Projekt \u201eRe\u00efnkarneer\u201c?<\/h2>\n\n<p class=\"has-medium-font-size\"><strong>Re\u00efnkarneer<\/strong> hat sich zum Ziel gesetzt, recycelte Inhalte <strong>einfacher, zuverl\u00e4ssiger und wettbewerbsf\u00e4higer<\/strong> einsetzbar zu machen. Dazu arbeiten wir an folgenden Punkten:<\/p>\n\n<ul class=\"wp-block-list\">\n<li class=\"has-medium-font-size\">eine <strong>standardisierte Charakterisierung<\/strong> von recycelten Materialien;<\/li>\n\n\n\n<li class=\"has-medium-font-size\">eine <strong>einheitliche Benennung oder Kodierung,<\/strong> die einen direkten Einblick in die Anwendungen gibt;<\/li>\n\n\n\n<li class=\"has-medium-font-size\">und die Erfassung dieser Informationen in <strong>digitalen Produktp\u00e4ssen.<\/strong><\/li>\n<\/ul>\n\n<p class=\"has-medium-font-size\">Diese Produktp\u00e4sse dienen als dynamischer Informationstr\u00e4ger, in dem Eigenschaften, Herkunft und Anwendungsm\u00f6glichkeiten des Materials transparent festgehalten werden.<\/p>\n\n<div style=\"height:72px\" aria-hidden=\"true\" class=\"wp-block-spacer\"><\/div>\n\n<h2 class=\"wp-block-heading\">Von Kunststoffen zu allen Materialstr\u00f6men<\/h2>\n\n<p class=\"has-medium-font-size\">Obwohl das Projekt mit recycelten Kunststoffen beginnt, sind die Ambitionen weitreichender. Re\u00efnkarneer konzentriert sich auf das <strong>Volumenwachstum<\/strong> von recycelten Inhaltsstoffen in:<\/p>\n\n<ul class=\"wp-block-list\">\n<li class=\"has-medium-font-size\">Kunststoffe;<\/li>\n\n\n\n<li class=\"has-medium-font-size\">Metalle;<\/li>\n\n\n\n<li class=\"has-medium-font-size\">Mineralien;<\/li>\n\n\n\n<li class=\"has-medium-font-size\">und biogene Materialien.<\/li>\n<\/ul>\n\n<p class=\"has-medium-font-size\">Durch die Entwicklung eines einheitlichen Systems entsteht Skalierbarkeit \u00fcber verschiedene Sektoren hinweg. Das erleichtert es Herstellern, Verarbeitern und Designern, recycelte Materialien strukturell einzusetzen.<\/p>\n\n<div style=\"height:72px\" aria-hidden=\"true\" class=\"wp-block-spacer\"><\/div>\n\n<h2 class=\"wp-block-heading\">Praktisch, datengesteuert und durch KI unterst\u00fctzt<\/h2>\n\n<p class=\"has-medium-font-size\">Re\u00efnkarneer l\u00e4uft von <strong>2025 bis einschlie\u00dflich 2027<\/strong>. In diesen zwei Jahren kombinieren wir verschiedene Ans\u00e4tze:<\/p>\n\n<ul class=\"wp-block-list\">\n<li class=\"has-medium-font-size\">gr\u00fcndliche <strong>Literaturrecherche;<\/strong><\/li>\n\n\n\n<li class=\"has-medium-font-size\">umfassende <strong>Materialanalysen;<\/strong><\/li>\n\n\n\n<li class=\"has-medium-font-size\">Einsatz von <strong>KI und Datenanalyse;<\/strong><\/li>\n\n\n\n<li class=\"has-medium-font-size\">und vor allem: <strong>praktische Anwendungsf\u00e4lle.<\/strong><\/li>\n<\/ul>\n\n<p class=\"has-medium-font-size\">Gerade dieser praxisorientierte Ansatz ist entscheidend. Durch die Arbeit mit anschaulichen Beispielen k\u00f6nnen Unternehmen und Wissensinstitutionen nicht nur die neue Sprache verstehen, sondern auch direkt erkennen, wie sie diese in ihren eigenen Prozessen anwenden k\u00f6nnen.<\/p>\n\n<div style=\"height:72px\" aria-hidden=\"true\" class=\"wp-block-spacer\"><\/div>\n\n<figure class=\"wp-block-image\"><img decoding=\"async\" src=\"https:\/\/core.fuga.cloud:8080\/db65bd9df005494ab29dbe1819cb94fe:cirmar-com\/uploads\/2025\/12\/Scherm%C2%ADafbeelding-2025-12-19-om-10.28.13-1024x561.png\" alt=\"\" class=\"wp-image-6796\"\/><\/figure>\n\n<div style=\"height:72px\" aria-hidden=\"true\" class=\"wp-block-spacer\"><\/div>\n\n<h2 class=\"wp-block-heading\">Zusammenarbeit als Schl\u00fcssel zum Erfolg<\/h2>\n\n<p class=\"has-medium-font-size\">Re\u00efnkarneer ist ein Kooperationsprojekt, in dem sich Unternehmen, Wissensinstitute und Beh\u00f6rden gegenseitig st\u00e4rken. Der offizielle Startschuss fiel diese Woche gemeinsam mit Stimulus, womit das Projekt auch offiziell begonnen hat.<\/p>\n\n<p class=\"has-medium-font-size\">In der kommenden Zeit werden wir regelm\u00e4\u00dfig Updates zu folgenden Themen ver\u00f6ffentlichen:<\/p>\n\n<ul class=\"wp-block-list\">\n<li class=\"has-medium-font-size\">wichtige Meilensteine;<\/li>\n\n\n\n<li class=\"has-medium-font-size\">Workshops und interaktive Sitzungen;<\/li>\n\n\n\n<li class=\"has-medium-font-size\">Webinare, in denen Wissen und Erfahrungen ausgetauscht werden.<\/li>\n<\/ul>\n\n<p class=\"has-medium-font-size\">So bauen wir gemeinsam ein breit abgest\u00fctztes System auf, das tats\u00e4chlich zur Kreislaufwirtschaft beitr\u00e4gt.<\/p>\n\n<div style=\"height:72px\" aria-hidden=\"true\" class=\"wp-block-spacer\"><\/div>\n\n<h2 class=\"wp-block-heading\">Bleiben Sie bei Re\u00efnkarneer dabei<\/h2>\n\n<p class=\"has-medium-font-size\">Die Entwicklung einer gemeinsamen Sprache f\u00fcr recycelte Materialien ist keine theoretische \u00dcbung, sondern ein notwendiger Schritt in Richtung einer gro\u00df angelegten Wiederverwendung. Durch Transparenz, Standardisierung und Zusammenarbeit kann recycelter Inhalt sein volles Potenzial entfalten.<\/p>\n\n<p class=\"has-medium-font-size\"><strong>Behalten Sie unsere Kan\u00e4le im Auge<\/strong> und verpassen Sie kein Update. M\u00f6chten Sie aktiv an Workshops oder Webinaren teilnehmen? Dann laden wir Sie herzlich ein, Teil von Re\u00efnkarneer zu werden.<\/p>\n\n<div style=\"height:72px\" aria-hidden=\"true\" class=\"wp-block-spacer\"><\/div>\n\n<p><a href=\"https:\/\/cirmar.com\/nl\/\"><\/a><\/p>\n","protected":false},"excerpt":{"rendered":"<p>Der \u00dcbergang zu einer Kreislaufwirtschaft steht und f\u00e4llt mit zuverl\u00e4ssigen, anwendbaren Informationen \u00fcber Materialien. Diese Woche markiert den offiziellen Startschuss f\u00fcr das Projekt Re\u00efnkarneer: eine von der Europ\u00e4ischen Union gef\u00f6rderte Zusammenarbeit (JTF), die sich auf die Entwicklung einer gemeinsamen Sprache f\u00fcr recycelte Inhaltsstoffe konzentriert. Das Projekt beginnt mit Kunststoffen, blickt aber ausdr\u00fccklich dar\u00fcber hinaus. Warum&#8230;<\/p>\n","protected":false},"author":2,"featured_media":0,"parent":0,"menu_order":0,"comment_status":"closed","ping_status":"closed","template":"","meta":{"_acf_changed":false,"footnotes":""},"class_list":["post-7891","page","type-page","status-publish","hentry"],"acf":[],"yoast_head":"<!-- This site is optimized with the Yoast SEO plugin v27.3 - https:\/\/yoast.com\/product\/yoast-seo-wordpress\/ -->\n<title>Re\u00efnkarneer - Cirmar<\/title>\n<meta name=\"description\" content=\"Nach dRe\u00efnkarneer ist ein Forschungsprojekt, in dem wir eine neue Sprache f\u00fcr recycelte Inhalte entwickeln. Bleiben Sie hier auf dem Laufenden!e Re\u00efnkarneer-Seite.\" \/>\n<meta name=\"robots\" content=\"index, follow, max-snippet:-1, max-image-preview:large, max-video-preview:-1\" \/>\n<link rel=\"canonical\" href=\"https:\/\/cirmar.com\/de\/reinkarneer\/\" \/>\n<meta property=\"og:locale\" content=\"de_DE\" \/>\n<meta property=\"og:type\" content=\"article\" \/>\n<meta property=\"og:title\" content=\"Re\u00efnkarneer - Cirmar\" \/>\n<meta property=\"og:description\" content=\"Nach dRe\u00efnkarneer ist ein Forschungsprojekt, in dem wir eine neue Sprache f\u00fcr recycelte Inhalte entwickeln. Bleiben Sie hier auf dem Laufenden!e Re\u00efnkarneer-Seite.\" \/>\n<meta property=\"og:url\" content=\"https:\/\/cirmar.com\/de\/reinkarneer\/\" \/>\n<meta property=\"og:site_name\" content=\"Cirmar\" \/>\n<meta property=\"og:image\" content=\"https:\/\/fbbasic.com\/app\/uploads\/2025\/12\/Plaque-Reinkarneer-1080x675.jpg\" \/>\n<meta name=\"twitter:card\" content=\"summary_large_image\" \/>\n<meta name=\"twitter:label1\" content=\"Est. reading time\" \/>\n\t<meta name=\"twitter:data1\" content=\"3 minutes\" \/>\n<script type=\"application\/ld+json\" class=\"yoast-schema-graph\">{\"@context\":\"https:\\\/\\\/schema.org\",\"@graph\":[{\"@type\":\"WebPage\",\"@id\":\"https:\\\/\\\/cirmar.com\\\/de\\\/reinkarneer\\\/\",\"url\":\"https:\\\/\\\/cirmar.com\\\/de\\\/reinkarneer\\\/\",\"name\":\"Re\u00efnkarneer - Cirmar\",\"isPartOf\":{\"@id\":\"https:\\\/\\\/cirmar.com\\\/#website\"},\"primaryImageOfPage\":{\"@id\":\"https:\\\/\\\/cirmar.com\\\/de\\\/reinkarneer\\\/#primaryimage\"},\"image\":{\"@id\":\"https:\\\/\\\/cirmar.com\\\/de\\\/reinkarneer\\\/#primaryimage\"},\"thumbnailUrl\":\"https:\\\/\\\/fbbasic.com\\\/app\\\/uploads\\\/2025\\\/12\\\/Plaque-Reinkarneer-1080x675.jpg\",\"datePublished\":\"2026-02-03T14:50:56+00:00\",\"description\":\"Nach dRe\u00efnkarneer ist ein Forschungsprojekt, in dem wir eine neue Sprache f\u00fcr recycelte Inhalte entwickeln. Bleiben Sie hier auf dem Laufenden!e Re\u00efnkarneer-Seite.\",\"breadcrumb\":{\"@id\":\"https:\\\/\\\/cirmar.com\\\/de\\\/reinkarneer\\\/#breadcrumb\"},\"inLanguage\":\"de-DE\",\"potentialAction\":[{\"@type\":\"ReadAction\",\"target\":[\"https:\\\/\\\/cirmar.com\\\/de\\\/reinkarneer\\\/\"]}]},{\"@type\":\"ImageObject\",\"inLanguage\":\"de-DE\",\"@id\":\"https:\\\/\\\/cirmar.com\\\/de\\\/reinkarneer\\\/#primaryimage\",\"url\":\"https:\\\/\\\/fbbasic.com\\\/app\\\/uploads\\\/2025\\\/12\\\/Plaque-Reinkarneer-1080x675.jpg\",\"contentUrl\":\"https:\\\/\\\/fbbasic.com\\\/app\\\/uploads\\\/2025\\\/12\\\/Plaque-Reinkarneer-1080x675.jpg\"},{\"@type\":\"BreadcrumbList\",\"@id\":\"https:\\\/\\\/cirmar.com\\\/de\\\/reinkarneer\\\/#breadcrumb\",\"itemListElement\":[{\"@type\":\"ListItem\",\"position\":1,\"name\":\"Cirmar\",\"item\":\"https:\\\/\\\/cirmar.com\\\/de\\\/\"},{\"@type\":\"ListItem\",\"position\":2,\"name\":\"Re\u00efnkarneer\"}]},{\"@type\":\"WebSite\",\"@id\":\"https:\\\/\\\/cirmar.com\\\/#website\",\"url\":\"https:\\\/\\\/cirmar.com\\\/\",\"name\":\"Cirmar\",\"description\":\"The Digital Product Passport\",\"publisher\":{\"@id\":\"https:\\\/\\\/cirmar.com\\\/#organization\"},\"potentialAction\":[{\"@type\":\"SearchAction\",\"target\":{\"@type\":\"EntryPoint\",\"urlTemplate\":\"https:\\\/\\\/cirmar.com\\\/?s={search_term_string}\"},\"query-input\":{\"@type\":\"PropertyValueSpecification\",\"valueRequired\":true,\"valueName\":\"search_term_string\"}}],\"inLanguage\":\"de-DE\"},{\"@type\":\"Organization\",\"@id\":\"https:\\\/\\\/cirmar.com\\\/#organization\",\"name\":\"Cirmar\",\"url\":\"https:\\\/\\\/cirmar.com\\\/\",\"logo\":{\"@type\":\"ImageObject\",\"inLanguage\":\"de-DE\",\"@id\":\"https:\\\/\\\/cirmar.com\\\/#\\\/schema\\\/logo\\\/image\\\/\",\"url\":\"https:\\\/\\\/www.cirmar.com\\\/app\\\/uploads\\\/2021\\\/09\\\/Group-14.png\",\"contentUrl\":\"https:\\\/\\\/www.cirmar.com\\\/app\\\/uploads\\\/2021\\\/09\\\/Group-14.png\",\"width\":233,\"height\":95,\"caption\":\"Cirmar\"},\"image\":{\"@id\":\"https:\\\/\\\/cirmar.com\\\/#\\\/schema\\\/logo\\\/image\\\/\"}}]}<\/script>\n<!-- \/ Yoast SEO plugin. -->","yoast_head_json":{"title":"Re\u00efnkarneer - Cirmar","description":"Nach dRe\u00efnkarneer ist ein Forschungsprojekt, in dem wir eine neue Sprache f\u00fcr recycelte Inhalte entwickeln. Bleiben Sie hier auf dem Laufenden!e Re\u00efnkarneer-Seite.","robots":{"index":"index","follow":"follow","max-snippet":"max-snippet:-1","max-image-preview":"max-image-preview:large","max-video-preview":"max-video-preview:-1"},"canonical":"https:\/\/cirmar.com\/de\/reinkarneer\/","og_locale":"de_DE","og_type":"article","og_title":"Re\u00efnkarneer - Cirmar","og_description":"Nach dRe\u00efnkarneer ist ein Forschungsprojekt, in dem wir eine neue Sprache f\u00fcr recycelte Inhalte entwickeln. Bleiben Sie hier auf dem Laufenden!e Re\u00efnkarneer-Seite.","og_url":"https:\/\/cirmar.com\/de\/reinkarneer\/","og_site_name":"Cirmar","og_image":[{"url":"https:\/\/fbbasic.com\/app\/uploads\/2025\/12\/Plaque-Reinkarneer-1080x675.jpg","type":"","width":"","height":""}],"twitter_card":"summary_large_image","twitter_misc":{"Est. reading time":"3 minutes"},"schema":{"@context":"https:\/\/schema.org","@graph":[{"@type":"WebPage","@id":"https:\/\/cirmar.com\/de\/reinkarneer\/","url":"https:\/\/cirmar.com\/de\/reinkarneer\/","name":"Re\u00efnkarneer - Cirmar","isPartOf":{"@id":"https:\/\/cirmar.com\/#website"},"primaryImageOfPage":{"@id":"https:\/\/cirmar.com\/de\/reinkarneer\/#primaryimage"},"image":{"@id":"https:\/\/cirmar.com\/de\/reinkarneer\/#primaryimage"},"thumbnailUrl":"https:\/\/fbbasic.com\/app\/uploads\/2025\/12\/Plaque-Reinkarneer-1080x675.jpg","datePublished":"2026-02-03T14:50:56+00:00","description":"Nach dRe\u00efnkarneer ist ein Forschungsprojekt, in dem wir eine neue Sprache f\u00fcr recycelte Inhalte entwickeln. Bleiben Sie hier auf dem Laufenden!e Re\u00efnkarneer-Seite.","breadcrumb":{"@id":"https:\/\/cirmar.com\/de\/reinkarneer\/#breadcrumb"},"inLanguage":"de-DE","potentialAction":[{"@type":"ReadAction","target":["https:\/\/cirmar.com\/de\/reinkarneer\/"]}]},{"@type":"ImageObject","inLanguage":"de-DE","@id":"https:\/\/cirmar.com\/de\/reinkarneer\/#primaryimage","url":"https:\/\/fbbasic.com\/app\/uploads\/2025\/12\/Plaque-Reinkarneer-1080x675.jpg","contentUrl":"https:\/\/fbbasic.com\/app\/uploads\/2025\/12\/Plaque-Reinkarneer-1080x675.jpg"},{"@type":"BreadcrumbList","@id":"https:\/\/cirmar.com\/de\/reinkarneer\/#breadcrumb","itemListElement":[{"@type":"ListItem","position":1,"name":"Cirmar","item":"https:\/\/cirmar.com\/de\/"},{"@type":"ListItem","position":2,"name":"Re\u00efnkarneer"}]},{"@type":"WebSite","@id":"https:\/\/cirmar.com\/#website","url":"https:\/\/cirmar.com\/","name":"Cirmar","description":"The Digital Product Passport","publisher":{"@id":"https:\/\/cirmar.com\/#organization"},"potentialAction":[{"@type":"SearchAction","target":{"@type":"EntryPoint","urlTemplate":"https:\/\/cirmar.com\/?s={search_term_string}"},"query-input":{"@type":"PropertyValueSpecification","valueRequired":true,"valueName":"search_term_string"}}],"inLanguage":"de-DE"},{"@type":"Organization","@id":"https:\/\/cirmar.com\/#organization","name":"Cirmar","url":"https:\/\/cirmar.com\/","logo":{"@type":"ImageObject","inLanguage":"de-DE","@id":"https:\/\/cirmar.com\/#\/schema\/logo\/image\/","url":"https:\/\/www.cirmar.com\/app\/uploads\/2021\/09\/Group-14.png","contentUrl":"https:\/\/www.cirmar.com\/app\/uploads\/2021\/09\/Group-14.png","width":233,"height":95,"caption":"Cirmar"},"image":{"@id":"https:\/\/cirmar.com\/#\/schema\/logo\/image\/"}}]}},"_links":{"self":[{"href":"https:\/\/www.cirmar.dkpnt.nl\/de\/wp-json\/wp\/v2\/pages\/7891","targetHints":{"allow":["GET"]}}],"collection":[{"href":"https:\/\/www.cirmar.dkpnt.nl\/de\/wp-json\/wp\/v2\/pages"}],"about":[{"href":"https:\/\/www.cirmar.dkpnt.nl\/de\/wp-json\/wp\/v2\/types\/page"}],"author":[{"embeddable":true,"href":"https:\/\/www.cirmar.dkpnt.nl\/de\/wp-json\/wp\/v2\/users\/2"}],"replies":[{"embeddable":true,"href":"https:\/\/www.cirmar.dkpnt.nl\/de\/wp-json\/wp\/v2\/comments?post=7891"}],"version-history":[{"count":1,"href":"https:\/\/www.cirmar.dkpnt.nl\/de\/wp-json\/wp\/v2\/pages\/7891\/revisions"}],"predecessor-version":[{"id":7894,"href":"https:\/\/www.cirmar.dkpnt.nl\/de\/wp-json\/wp\/v2\/pages\/7891\/revisions\/7894"}],"wp:attachment":[{"href":"https:\/\/www.cirmar.dkpnt.nl\/de\/wp-json\/wp\/v2\/media?parent=7891"}],"curies":[{"name":"wp","href":"https:\/\/api.w.org\/{rel}","templated":true}]}}