{"id":7849,"date":"2026-02-03T14:48:13","date_gmt":"2026-02-03T13:48:13","guid":{"rendered":"https:\/\/cirmar.com\/mast-managing-sustainability-tradeoffs\/"},"modified":"2026-02-03T14:48:13","modified_gmt":"2026-02-03T13:48:13","slug":"mast-managing-sustainability-tradeoffs","status":"publish","type":"page","link":"https:\/\/www.cirmar.dkpnt.nl\/de\/mast-managing-sustainability-tradeoffs\/","title":{"rendered":"MAST &#8211; Managing Sustainability Tradeoffs"},"content":{"rendered":"\n<div style=\"height:106px\" aria-hidden=\"true\" class=\"wp-block-spacer\"><\/div>\n\n<p class=\"has-medium-font-size\"><strong>Nachhaltigkeit l\u00e4sst sich selten anhand einer einzigen Kennzahl messen. In komplexen Systemen wirkt sich die Verbesserung eines Aspekts oft auf einen anderen aus \u2013 Effizienz kann auf Kosten der Wartbarkeit gehen, Leistung kann zu einem h\u00f6heren Materialverbrauch f\u00fchren und kurzfristige Optimierungen k\u00f6nnen die langfristige Wirkung untergraben. Das Projekt \u201eManaging Sustainability Tradeoffs\u201c (MAST) geht diese Realit\u00e4t direkt an, indem es Methoden und Werkzeuge entwickelt, um Nachhaltigkeitskompromisse in realen Systemen zu identifizieren, zu analysieren und zu managen.<\/strong><\/p>\n\n<div style=\"height:73px\" aria-hidden=\"true\" class=\"wp-block-spacer\"><\/div>\n\n<p class=\"has-medium-font-size\">MAST ist ein von der <strong>ITEA finanziertes internationales Forschungs- und Entwicklungsprojekt<\/strong> mit Anwendungsf\u00e4llen in D\u00e4nemark, Portugal und den Niederlanden. Das Projekt konzentriert sich auf softwareintensive Systeme und ber\u00fccksichtigt dabei, dass digitale Technologien zunehmend Einfluss darauf haben, wie Produkte entwickelt, betrieben und gewartet werden \u2013 und damit letztlich auch darauf, wie nachhaltig sie sind. Cirmar leistet \u00fcber seine Muttergesellschaft FBBasic einen Beitrag zu MAST und bringt sein Fachwissen in den Bereichen digitale Produktp\u00e4sse und Standardisierung in das Projekt ein.<\/p>\n\n<figure class=\"wp-block-image size-full\"><img decoding=\"async\" src=\"https:\/\/core.fuga.cloud:8080\/db65bd9df005494ab29dbe1819cb94fe:cirmar-com\/uploads\/2025\/11\/Scherm&#xAD;afbeelding-2025-11-10-om-10.47.56.png\" alt=\"\" class=\"wp-image-6460\"\/><\/figure>\n\n<div style=\"height:93px\" aria-hidden=\"true\" class=\"wp-block-spacer\"><\/div>\n\n<h2 class=\"wp-block-heading\">Nachhaltigkeit als multidimensionale Herausforderung<\/h2>\n\n<p class=\"has-medium-font-size\">Viele Nachhaltigkeitsans\u00e4tze konzentrieren sich auf isolierte Verbesserungen wie Energieeffizienz oder Emissionsreduzierung. MAST geht von einer breiteren Perspektive aus. In softwareintensiven Systemen wird die Nachhaltigkeit durch eine Kombination von Faktoren wie Effizienz, Wartbarkeit, Systemarchitektur und Materialverbrauch beeinflusst. Entscheidungen, die beim Software-Design getroffen werden, k\u00f6nnen sich ebenso stark auf die Lebensdauer der Hardware, die Upgrade-Zyklen und den Ressourcenverbrauch auswirken wie Entscheidungen zum physischen Design.<\/p>\n\n<p class=\"has-medium-font-size\">Innerhalb von MAST wird Nachhaltigkeit als eine Reihe miteinander verbundener Dimensionen betrachtet, die ausgewogen sein m\u00fcssen, anstatt unabh\u00e4ngig voneinander optimiert zu werden. Dadurch werden Kompromisse sichtbar und Organisationen k\u00f6nnen fundierte Entscheidungen treffen, anstatt sich auf Annahmen zu verlassen.<\/p>\n\n<div style=\"height:95px\" aria-hidden=\"true\" class=\"wp-block-spacer\"><\/div>\n\n<h2 class=\"wp-block-heading\">Br\u00fcckenschlag zwischen digitalen Systemen und materiellen Auswirkungen<\/h2>\n\n<p class=\"has-medium-font-size\">Eines der charakteristischen Merkmale des MAST-Projekts ist die ausdr\u00fcckliche Einbeziehung der Materialverwendung neben softwarebezogenen Aspekten. Softwaresysteme existieren nicht isoliert, sondern sind auf physische Infrastrukturen, Ger\u00e4te und Komponenten angewiesen, deren Materialien und Lebenszyklen von Bedeutung sind.<\/p>\n\n<p class=\"has-medium-font-size\">Cirmar tr\u00e4gt \u00fcber FBBasic zu dieser Perspektive bei, indem es sicherstellt, dass materielle \u00dcberlegungen ordnungsgem\u00e4\u00df in Nachhaltigkeitsanalysen einflie\u00dfen. Dazu geh\u00f6rt, das Verhalten digitaler Systeme mit physischen Produkten zu verkn\u00fcpfen und zu verstehen, wie Designentscheidungen Materialfl\u00fcsse, Austauschzyklen und Szenarien am Ende der Lebensdauer beeinflussen.<\/p>\n\n<div style=\"height:95px\" aria-hidden=\"true\" class=\"wp-block-spacer\"><\/div>\n\n<h2 class=\"wp-block-heading\">Digitale Produktp\u00e4sse als Wegbereiter<\/h2>\n\n<p class=\"has-medium-font-size\">Im Rahmen des MAST-Projekts spielen <strong>digitale Produktp\u00e4sse (DPPs)<\/strong> eine wichtige Rolle bei der Verkn\u00fcpfung von Daten aus verschiedenen Disziplinen. Die P\u00e4sse bieten eine strukturierte M\u00f6glichkeit, die Produktzusammensetzung, die Systemarchitektur, die Auswirkungen auf den Lebenszyklus und Kreislaufoptionen zu dokumentieren. Sie tragen dazu bei, dass Nachhaltigkeitsinformationen nicht fragmentiert sind, sondern w\u00e4hrend der gesamten Entwicklung, dem Betrieb und der R\u00fcckgewinnung zug\u00e4nglich sind.<\/p>\n\n<p class=\"has-medium-font-size\">Cirmar unterst\u00fctzt die Erstellung und Strukturierung von DPPs innerhalb des Projekts und erm\u00f6glicht es Anwendungsf\u00e4llen, sowohl digitale als auch physische Nachhaltigkeitsdaten auf koh\u00e4rente Weise zu erfassen. Auf diese Weise k\u00f6nnen Kompromisse anhand realer Informationen auf Produktebene statt anhand abstrakter Indikatoren analysiert werden.<\/p>\n\n<div style=\"height:95px\" aria-hidden=\"true\" class=\"wp-block-spacer\"><\/div>\n\n<h2 class=\"wp-block-heading\">Verbindung von Forschung und Normung<\/h2>\n\n<p class=\"has-medium-font-size\">Damit Nachhaltigkeitsans\u00e4tze skalierbar sind, m\u00fcssen sie mit Standards \u00fcbereinstimmen. Ein wesentlicher Beitrag von Cirmar und FBBasic innerhalb von MAST ist die Verbindung zwischen den Projektergebnissen und den laufenden Standardisierungsbem\u00fchungen. Durch die Angleichung von Methoden, Datenstrukturen und digitalen Tools an neue Standards tr\u00e4gt das Projekt dazu bei, dass seine Ergebnisse \u00fcber einzelne Pilotprojekte hinaus angewendet werden k\u00f6nnen.<\/p>\n\n<p class=\"has-medium-font-size\">Diese Arbeit unterst\u00fctzt die breitere Anwendung von Nachhaltigkeitsprinzipien bei der Entwicklung softwareintensiver Systeme und st\u00e4rkt die Grundlage f\u00fcr k\u00fcnftige regulatorische und industrielle Rahmenbedingungen.<\/p>\n\n<div style=\"height:95px\" aria-hidden=\"true\" class=\"wp-block-spacer\"><\/div>\n\n<h2 class=\"wp-block-heading\">Lernen \u00fcber L\u00e4nder und Anwendungsf\u00e4lle hinweg<\/h2>\n\n<p class=\"has-medium-font-size\">MAST vereint verschiedene Anwendungsf\u00e4lle aus mehreren europ\u00e4ischen L\u00e4ndern, die jeweils ihre eigenen Kontexte und Systemmerkmale aufweisen. Diese Vielfalt st\u00e4rkt das Projekt, indem Methoden zum Nachhaltigkeitsabgleich in unterschiedlichen Umgebungen und Anwendungen getestet werden. Au\u00dferdem unterstreicht sie die Erkenntnis, dass es keine einheitliche L\u00f6sung gibt, sondern nur fundiertere Entscheidungen.<\/p>\n\n<p class=\"has-medium-font-size\">Durch ihren Beitrag zu diesen Anwendungsf\u00e4llen helfen Cirmar und FBBasic dabei, theoretische Modelle in praktische Erkenntnisse umzusetzen, die Unternehmen bei der Konzeption, dem Betrieb und der Verbesserung komplexer Systeme anwenden k\u00f6nnen.<\/p>\n\n<div style=\"height:95px\" aria-hidden=\"true\" class=\"wp-block-spacer\"><\/div>\n\n<h2 class=\"wp-block-heading\">Kompromisse transparent und umsetzbar machen<\/h2>\n\n<p class=\"has-medium-font-size\">Im Kern geht es bei MAST um <strong>Klarheit<\/strong>. Indem Nachhaltigkeitskompromisse explizit gemacht werden, erhalten Organisationen die M\u00f6glichkeit, bewusste statt implizite Entscheidungen zu treffen. Diese Transparenz ist unerl\u00e4sslich f\u00fcr den Aufbau von Systemen, die nicht nur effizient oder leistungsf\u00e4hig sind, sondern auch langfristig wirklich nachhaltig.<\/p>\n\n<p class=\"has-medium-font-size\">F\u00fcr Cirmar spiegelt die Teilnahme an MAST ein umfassenderes Engagement wider, digitale Tools, Materialintelligenz und Standardisierung in praktische Kreislaufstrategien zu integrieren. Es zeigt, wie Nachhaltigkeit in komplexe Systeme eingebettet werden kann \u2013 nicht als nachtr\u00e4glicher Einfall, sondern als integraler Bestandteil von Design und Entscheidungsfindung.<\/p>\n\n<div style=\"height:95px\" aria-hidden=\"true\" class=\"wp-block-spacer\"><\/div>\n","protected":false},"excerpt":{"rendered":"<p>Nachhaltigkeit l\u00e4sst sich selten anhand einer einzigen Kennzahl messen. In komplexen Systemen wirkt sich die Verbesserung eines Aspekts oft auf einen anderen aus \u2013 Effizienz kann auf Kosten der Wartbarkeit gehen, Leistung kann zu einem h\u00f6heren Materialverbrauch f\u00fchren und kurzfristige Optimierungen k\u00f6nnen die langfristige Wirkung untergraben. Das Projekt \u201eManaging Sustainability Tradeoffs\u201c (MAST) geht diese Realit\u00e4t&#8230;<\/p>\n","protected":false},"author":2,"featured_media":0,"parent":0,"menu_order":0,"comment_status":"closed","ping_status":"closed","template":"","meta":{"_acf_changed":false,"footnotes":""},"class_list":["post-7849","page","type-page","status-publish","hentry"],"acf":[],"yoast_head":"<!-- This site is optimized with the Yoast SEO plugin v27.3 - https:\/\/yoast.com\/product\/yoast-seo-wordpress\/ -->\n<title>MAST - Managing Sustainability Tradeoffs - Cirmar<\/title>\n<meta name=\"description\" content=\"MAST ist ein Forschungsprojekt, in dem Cirmar digitale Produktp\u00e4sse f\u00fcr komplexe, softwareintensive Systeme erstellt.\" \/>\n<meta name=\"robots\" content=\"index, follow, max-snippet:-1, max-image-preview:large, max-video-preview:-1\" \/>\n<link rel=\"canonical\" href=\"https:\/\/cirmar.com\/de\/mast-managing-sustainability-tradeoffs\/\" \/>\n<meta property=\"og:locale\" content=\"de_DE\" \/>\n<meta property=\"og:type\" content=\"article\" \/>\n<meta property=\"og:title\" content=\"MAST - Managing Sustainability Tradeoffs - Cirmar\" \/>\n<meta property=\"og:description\" content=\"MAST ist ein Forschungsprojekt, in dem Cirmar digitale Produktp\u00e4sse f\u00fcr komplexe, softwareintensive Systeme erstellt.\" \/>\n<meta property=\"og:url\" content=\"https:\/\/cirmar.com\/de\/mast-managing-sustainability-tradeoffs\/\" \/>\n<meta property=\"og:site_name\" content=\"Cirmar\" \/>\n<meta property=\"og:image\" content=\"https:\/\/cirmar.com\/\/app\/uploads\/2025\/11\/Scherm&#xAD;afbeelding-2025-11-10-om-10.47.56.png\" \/>\n<meta name=\"twitter:card\" content=\"summary_large_image\" \/>\n<meta name=\"twitter:label1\" content=\"Est. reading time\" \/>\n\t<meta name=\"twitter:data1\" content=\"4 minutes\" \/>\n<script type=\"application\/ld+json\" class=\"yoast-schema-graph\">{\"@context\":\"https:\\\/\\\/schema.org\",\"@graph\":[{\"@type\":\"WebPage\",\"@id\":\"https:\\\/\\\/cirmar.com\\\/de\\\/mast-managing-sustainability-tradeoffs\\\/\",\"url\":\"https:\\\/\\\/cirmar.com\\\/de\\\/mast-managing-sustainability-tradeoffs\\\/\",\"name\":\"MAST - Managing Sustainability Tradeoffs - Cirmar\",\"isPartOf\":{\"@id\":\"https:\\\/\\\/cirmar.com\\\/#website\"},\"primaryImageOfPage\":{\"@id\":\"https:\\\/\\\/cirmar.com\\\/de\\\/mast-managing-sustainability-tradeoffs\\\/#primaryimage\"},\"image\":{\"@id\":\"https:\\\/\\\/cirmar.com\\\/de\\\/mast-managing-sustainability-tradeoffs\\\/#primaryimage\"},\"thumbnailUrl\":\"https:\\\/\\\/cirmar.com\\\/\\\/app\\\/uploads\\\/2025\\\/11\\\/Scherm&#xAD;afbeelding-2025-11-10-om-10.47.56.png\",\"datePublished\":\"2026-02-03T13:48:13+00:00\",\"description\":\"MAST ist ein Forschungsprojekt, in dem Cirmar digitale Produktp\u00e4sse f\u00fcr komplexe, softwareintensive Systeme erstellt.\",\"breadcrumb\":{\"@id\":\"https:\\\/\\\/cirmar.com\\\/de\\\/mast-managing-sustainability-tradeoffs\\\/#breadcrumb\"},\"inLanguage\":\"de-DE\",\"potentialAction\":[{\"@type\":\"ReadAction\",\"target\":[\"https:\\\/\\\/cirmar.com\\\/de\\\/mast-managing-sustainability-tradeoffs\\\/\"]}]},{\"@type\":\"ImageObject\",\"inLanguage\":\"de-DE\",\"@id\":\"https:\\\/\\\/cirmar.com\\\/de\\\/mast-managing-sustainability-tradeoffs\\\/#primaryimage\",\"url\":\"https:\\\/\\\/cirmar.com\\\/\\\/app\\\/uploads\\\/2025\\\/11\\\/Scherm&#xAD;afbeelding-2025-11-10-om-10.47.56.png\",\"contentUrl\":\"https:\\\/\\\/cirmar.com\\\/\\\/app\\\/uploads\\\/2025\\\/11\\\/Scherm&#xAD;afbeelding-2025-11-10-om-10.47.56.png\"},{\"@type\":\"BreadcrumbList\",\"@id\":\"https:\\\/\\\/cirmar.com\\\/de\\\/mast-managing-sustainability-tradeoffs\\\/#breadcrumb\",\"itemListElement\":[{\"@type\":\"ListItem\",\"position\":1,\"name\":\"Cirmar\",\"item\":\"https:\\\/\\\/cirmar.com\\\/de\\\/\"},{\"@type\":\"ListItem\",\"position\":2,\"name\":\"MAST &#8211; Managing Sustainability Tradeoffs\"}]},{\"@type\":\"WebSite\",\"@id\":\"https:\\\/\\\/cirmar.com\\\/#website\",\"url\":\"https:\\\/\\\/cirmar.com\\\/\",\"name\":\"Cirmar\",\"description\":\"The Digital Product Passport\",\"publisher\":{\"@id\":\"https:\\\/\\\/cirmar.com\\\/#organization\"},\"potentialAction\":[{\"@type\":\"SearchAction\",\"target\":{\"@type\":\"EntryPoint\",\"urlTemplate\":\"https:\\\/\\\/cirmar.com\\\/?s={search_term_string}\"},\"query-input\":{\"@type\":\"PropertyValueSpecification\",\"valueRequired\":true,\"valueName\":\"search_term_string\"}}],\"inLanguage\":\"de-DE\"},{\"@type\":\"Organization\",\"@id\":\"https:\\\/\\\/cirmar.com\\\/#organization\",\"name\":\"Cirmar\",\"url\":\"https:\\\/\\\/cirmar.com\\\/\",\"logo\":{\"@type\":\"ImageObject\",\"inLanguage\":\"de-DE\",\"@id\":\"https:\\\/\\\/cirmar.com\\\/#\\\/schema\\\/logo\\\/image\\\/\",\"url\":\"https:\\\/\\\/www.cirmar.com\\\/app\\\/uploads\\\/2021\\\/09\\\/Group-14.png\",\"contentUrl\":\"https:\\\/\\\/www.cirmar.com\\\/app\\\/uploads\\\/2021\\\/09\\\/Group-14.png\",\"width\":233,\"height\":95,\"caption\":\"Cirmar\"},\"image\":{\"@id\":\"https:\\\/\\\/cirmar.com\\\/#\\\/schema\\\/logo\\\/image\\\/\"}}]}<\/script>\n<!-- \/ Yoast SEO plugin. -->","yoast_head_json":{"title":"MAST - Managing Sustainability Tradeoffs - Cirmar","description":"MAST ist ein Forschungsprojekt, in dem Cirmar digitale Produktp\u00e4sse f\u00fcr komplexe, softwareintensive Systeme erstellt.","robots":{"index":"index","follow":"follow","max-snippet":"max-snippet:-1","max-image-preview":"max-image-preview:large","max-video-preview":"max-video-preview:-1"},"canonical":"https:\/\/cirmar.com\/de\/mast-managing-sustainability-tradeoffs\/","og_locale":"de_DE","og_type":"article","og_title":"MAST - Managing Sustainability Tradeoffs - Cirmar","og_description":"MAST ist ein Forschungsprojekt, in dem Cirmar digitale Produktp\u00e4sse f\u00fcr komplexe, softwareintensive Systeme erstellt.","og_url":"https:\/\/cirmar.com\/de\/mast-managing-sustainability-tradeoffs\/","og_site_name":"Cirmar","og_image":[{"url":"https:\/\/cirmar.com\/\/app\/uploads\/2025\/11\/Scherm&#xAD;afbeelding-2025-11-10-om-10.47.56.png","type":"","width":"","height":""}],"twitter_card":"summary_large_image","twitter_misc":{"Est. reading time":"4 minutes"},"schema":{"@context":"https:\/\/schema.org","@graph":[{"@type":"WebPage","@id":"https:\/\/cirmar.com\/de\/mast-managing-sustainability-tradeoffs\/","url":"https:\/\/cirmar.com\/de\/mast-managing-sustainability-tradeoffs\/","name":"MAST - Managing Sustainability Tradeoffs - Cirmar","isPartOf":{"@id":"https:\/\/cirmar.com\/#website"},"primaryImageOfPage":{"@id":"https:\/\/cirmar.com\/de\/mast-managing-sustainability-tradeoffs\/#primaryimage"},"image":{"@id":"https:\/\/cirmar.com\/de\/mast-managing-sustainability-tradeoffs\/#primaryimage"},"thumbnailUrl":"https:\/\/cirmar.com\/\/app\/uploads\/2025\/11\/Scherm&#xAD;afbeelding-2025-11-10-om-10.47.56.png","datePublished":"2026-02-03T13:48:13+00:00","description":"MAST ist ein Forschungsprojekt, in dem Cirmar digitale Produktp\u00e4sse f\u00fcr komplexe, softwareintensive Systeme erstellt.","breadcrumb":{"@id":"https:\/\/cirmar.com\/de\/mast-managing-sustainability-tradeoffs\/#breadcrumb"},"inLanguage":"de-DE","potentialAction":[{"@type":"ReadAction","target":["https:\/\/cirmar.com\/de\/mast-managing-sustainability-tradeoffs\/"]}]},{"@type":"ImageObject","inLanguage":"de-DE","@id":"https:\/\/cirmar.com\/de\/mast-managing-sustainability-tradeoffs\/#primaryimage","url":"https:\/\/cirmar.com\/\/app\/uploads\/2025\/11\/Scherm&#xAD;afbeelding-2025-11-10-om-10.47.56.png","contentUrl":"https:\/\/cirmar.com\/\/app\/uploads\/2025\/11\/Scherm&#xAD;afbeelding-2025-11-10-om-10.47.56.png"},{"@type":"BreadcrumbList","@id":"https:\/\/cirmar.com\/de\/mast-managing-sustainability-tradeoffs\/#breadcrumb","itemListElement":[{"@type":"ListItem","position":1,"name":"Cirmar","item":"https:\/\/cirmar.com\/de\/"},{"@type":"ListItem","position":2,"name":"MAST &#8211; Managing Sustainability Tradeoffs"}]},{"@type":"WebSite","@id":"https:\/\/cirmar.com\/#website","url":"https:\/\/cirmar.com\/","name":"Cirmar","description":"The Digital Product Passport","publisher":{"@id":"https:\/\/cirmar.com\/#organization"},"potentialAction":[{"@type":"SearchAction","target":{"@type":"EntryPoint","urlTemplate":"https:\/\/cirmar.com\/?s={search_term_string}"},"query-input":{"@type":"PropertyValueSpecification","valueRequired":true,"valueName":"search_term_string"}}],"inLanguage":"de-DE"},{"@type":"Organization","@id":"https:\/\/cirmar.com\/#organization","name":"Cirmar","url":"https:\/\/cirmar.com\/","logo":{"@type":"ImageObject","inLanguage":"de-DE","@id":"https:\/\/cirmar.com\/#\/schema\/logo\/image\/","url":"https:\/\/www.cirmar.com\/app\/uploads\/2021\/09\/Group-14.png","contentUrl":"https:\/\/www.cirmar.com\/app\/uploads\/2021\/09\/Group-14.png","width":233,"height":95,"caption":"Cirmar"},"image":{"@id":"https:\/\/cirmar.com\/#\/schema\/logo\/image\/"}}]}},"_links":{"self":[{"href":"https:\/\/www.cirmar.dkpnt.nl\/de\/wp-json\/wp\/v2\/pages\/7849","targetHints":{"allow":["GET"]}}],"collection":[{"href":"https:\/\/www.cirmar.dkpnt.nl\/de\/wp-json\/wp\/v2\/pages"}],"about":[{"href":"https:\/\/www.cirmar.dkpnt.nl\/de\/wp-json\/wp\/v2\/types\/page"}],"author":[{"embeddable":true,"href":"https:\/\/www.cirmar.dkpnt.nl\/de\/wp-json\/wp\/v2\/users\/2"}],"replies":[{"embeddable":true,"href":"https:\/\/www.cirmar.dkpnt.nl\/de\/wp-json\/wp\/v2\/comments?post=7849"}],"version-history":[{"count":1,"href":"https:\/\/www.cirmar.dkpnt.nl\/de\/wp-json\/wp\/v2\/pages\/7849\/revisions"}],"predecessor-version":[{"id":7852,"href":"https:\/\/www.cirmar.dkpnt.nl\/de\/wp-json\/wp\/v2\/pages\/7849\/revisions\/7852"}],"wp:attachment":[{"href":"https:\/\/www.cirmar.dkpnt.nl\/de\/wp-json\/wp\/v2\/media?parent=7849"}],"curies":[{"name":"wp","href":"https:\/\/api.w.org\/{rel}","templated":true}]}}