{"id":2246,"date":"2023-06-26T17:21:13","date_gmt":"2023-06-26T15:21:13","guid":{"rendered":"https:\/\/www.cirmar.com\/?page_id=2246"},"modified":"2023-07-25T13:05:00","modified_gmt":"2023-07-25T11:05:00","slug":"circular-stories","status":"publish","type":"page","link":"https:\/\/www.cirmar.dkpnt.nl\/de\/circular-stories\/","title":{"rendered":"Circular Stories"},"content":{"rendered":"\n<p class=\"has-medium-font-size\">Wir m\u00fcssen und weiterhin gegenseitig inspirieren, um unsere Ziele zu erreichen, daran glauben wir bei Cirmar. Deshalb teilen wir bei Circular Stories Geschichten \u00fcber unsere Kunden, die den \u00dcbergang zu einer zirkul\u00e4ren Wirtschaft vollziehen. Sie sind <strong>die treibende Kraft<\/strong> hinter der Kreislaufwirtschaft. Au\u00dferdem finden Sie hier <strong>Neuigkeiten<\/strong> und <strong>relevante Artikel<\/strong>. Lass uns gemeinsam eine zirkul\u00e4re Wirtschaft aufbauen!<\/p>\n\n\n\n<p><\/p>\n","protected":false},"excerpt":{"rendered":"<p>Wir m\u00fcssen und weiterhin gegenseitig inspirieren, um unsere Ziele zu erreichen, daran glauben wir bei Cirmar. Deshalb teilen wir bei Circular Stories Geschichten \u00fcber unsere Kunden, die den \u00dcbergang zu einer zirkul\u00e4ren Wirtschaft vollziehen. Sie sind die treibende Kraft hinter der Kreislaufwirtschaft. Au\u00dferdem finden Sie hier Neuigkeiten und relevante Artikel. Lass uns gemeinsam eine zirkul\u00e4re&#8230;<\/p>\n","protected":false},"author":2,"featured_media":0,"parent":0,"menu_order":0,"comment_status":"closed","ping_status":"closed","template":"templates\/template-stories.php","meta":{"_acf_changed":false,"footnotes":""},"class_list":["post-2246","page","type-page","status-publish","hentry"],"acf":[],"yoast_head":"<!-- This site is optimized with the Yoast SEO plugin v27.3 - https:\/\/yoast.com\/product\/yoast-seo-wordpress\/ -->\n<title>Circular Stories - Cirmar<\/title>\n<meta name=\"description\" content=\"Auf Circular Stories finden Sie Neuigkeiten und Use Cases lesen. Wir teilen und tauschen Erf\u00e4hrungen auf dieser Seite!\" \/>\n<meta name=\"robots\" content=\"index, follow, max-snippet:-1, max-image-preview:large, max-video-preview:-1\" \/>\n<link rel=\"canonical\" href=\"https:\/\/cirmar.com\/circular-stories\/\" \/>\n<meta property=\"og:locale\" content=\"de_DE\" \/>\n<meta property=\"og:type\" content=\"article\" \/>\n<meta property=\"og:title\" content=\"Circular Stories - Cirmar\" \/>\n<meta property=\"og:description\" content=\"Auf Circular Stories finden Sie Neuigkeiten und Use Cases lesen. Wir teilen und tauschen Erf\u00e4hrungen auf dieser Seite!\" \/>\n<meta property=\"og:url\" content=\"https:\/\/cirmar.com\/circular-stories\/\" \/>\n<meta property=\"og:site_name\" content=\"Cirmar\" \/>\n<meta property=\"article:modified_time\" content=\"2023-07-25T11:05:00+00:00\" \/>\n<meta name=\"twitter:card\" content=\"summary_large_image\" \/>\n<meta name=\"twitter:label1\" content=\"Est. reading time\" \/>\n\t<meta name=\"twitter:data1\" content=\"1 minute\" \/>\n<script type=\"application\/ld+json\" class=\"yoast-schema-graph\">{\"@context\":\"https:\\\/\\\/schema.org\",\"@graph\":[{\"@type\":\"WebPage\",\"@id\":\"https:\\\/\\\/cirmar.com\\\/circular-stories\\\/\",\"url\":\"https:\\\/\\\/cirmar.com\\\/circular-stories\\\/\",\"name\":\"Circular Stories - Cirmar\",\"isPartOf\":{\"@id\":\"https:\\\/\\\/cirmar.com\\\/#website\"},\"datePublished\":\"2023-06-26T15:21:13+00:00\",\"dateModified\":\"2023-07-25T11:05:00+00:00\",\"description\":\"Auf Circular Stories finden Sie Neuigkeiten und Use Cases lesen. Wir teilen und tauschen Erf\u00e4hrungen auf dieser Seite!\",\"breadcrumb\":{\"@id\":\"https:\\\/\\\/cirmar.com\\\/circular-stories\\\/#breadcrumb\"},\"inLanguage\":\"de-DE\",\"potentialAction\":[{\"@type\":\"ReadAction\",\"target\":[\"https:\\\/\\\/cirmar.com\\\/circular-stories\\\/\"]}]},{\"@type\":\"BreadcrumbList\",\"@id\":\"https:\\\/\\\/cirmar.com\\\/circular-stories\\\/#breadcrumb\",\"itemListElement\":[{\"@type\":\"ListItem\",\"position\":1,\"name\":\"Cirmar\",\"item\":\"https:\\\/\\\/cirmar.com\\\/de\\\/\"},{\"@type\":\"ListItem\",\"position\":2,\"name\":\"Circular Stories\"}]},{\"@type\":\"WebSite\",\"@id\":\"https:\\\/\\\/cirmar.com\\\/#website\",\"url\":\"https:\\\/\\\/cirmar.com\\\/\",\"name\":\"Cirmar\",\"description\":\"The Digital Product Passport\",\"publisher\":{\"@id\":\"https:\\\/\\\/cirmar.com\\\/#organization\"},\"potentialAction\":[{\"@type\":\"SearchAction\",\"target\":{\"@type\":\"EntryPoint\",\"urlTemplate\":\"https:\\\/\\\/cirmar.com\\\/?s={search_term_string}\"},\"query-input\":{\"@type\":\"PropertyValueSpecification\",\"valueRequired\":true,\"valueName\":\"search_term_string\"}}],\"inLanguage\":\"de-DE\"},{\"@type\":\"Organization\",\"@id\":\"https:\\\/\\\/cirmar.com\\\/#organization\",\"name\":\"Cirmar\",\"url\":\"https:\\\/\\\/cirmar.com\\\/\",\"logo\":{\"@type\":\"ImageObject\",\"inLanguage\":\"de-DE\",\"@id\":\"https:\\\/\\\/cirmar.com\\\/#\\\/schema\\\/logo\\\/image\\\/\",\"url\":\"https:\\\/\\\/www.cirmar.com\\\/app\\\/uploads\\\/2021\\\/09\\\/Group-14.png\",\"contentUrl\":\"https:\\\/\\\/www.cirmar.com\\\/app\\\/uploads\\\/2021\\\/09\\\/Group-14.png\",\"width\":233,\"height\":95,\"caption\":\"Cirmar\"},\"image\":{\"@id\":\"https:\\\/\\\/cirmar.com\\\/#\\\/schema\\\/logo\\\/image\\\/\"}}]}<\/script>\n<!-- \/ Yoast SEO plugin. -->","yoast_head_json":{"title":"Circular Stories - Cirmar","description":"Auf Circular Stories finden Sie Neuigkeiten und Use Cases lesen. Wir teilen und tauschen Erf\u00e4hrungen auf dieser Seite!","robots":{"index":"index","follow":"follow","max-snippet":"max-snippet:-1","max-image-preview":"max-image-preview:large","max-video-preview":"max-video-preview:-1"},"canonical":"https:\/\/cirmar.com\/circular-stories\/","og_locale":"de_DE","og_type":"article","og_title":"Circular Stories - Cirmar","og_description":"Auf Circular Stories finden Sie Neuigkeiten und Use Cases lesen. Wir teilen und tauschen Erf\u00e4hrungen auf dieser Seite!","og_url":"https:\/\/cirmar.com\/circular-stories\/","og_site_name":"Cirmar","article_modified_time":"2023-07-25T11:05:00+00:00","twitter_card":"summary_large_image","twitter_misc":{"Est. reading time":"1 minute"},"schema":{"@context":"https:\/\/schema.org","@graph":[{"@type":"WebPage","@id":"https:\/\/cirmar.com\/circular-stories\/","url":"https:\/\/cirmar.com\/circular-stories\/","name":"Circular Stories - Cirmar","isPartOf":{"@id":"https:\/\/cirmar.com\/#website"},"datePublished":"2023-06-26T15:21:13+00:00","dateModified":"2023-07-25T11:05:00+00:00","description":"Auf Circular Stories finden Sie Neuigkeiten und Use Cases lesen. Wir teilen und tauschen Erf\u00e4hrungen auf dieser Seite!","breadcrumb":{"@id":"https:\/\/cirmar.com\/circular-stories\/#breadcrumb"},"inLanguage":"de-DE","potentialAction":[{"@type":"ReadAction","target":["https:\/\/cirmar.com\/circular-stories\/"]}]},{"@type":"BreadcrumbList","@id":"https:\/\/cirmar.com\/circular-stories\/#breadcrumb","itemListElement":[{"@type":"ListItem","position":1,"name":"Cirmar","item":"https:\/\/cirmar.com\/de\/"},{"@type":"ListItem","position":2,"name":"Circular Stories"}]},{"@type":"WebSite","@id":"https:\/\/cirmar.com\/#website","url":"https:\/\/cirmar.com\/","name":"Cirmar","description":"The Digital Product Passport","publisher":{"@id":"https:\/\/cirmar.com\/#organization"},"potentialAction":[{"@type":"SearchAction","target":{"@type":"EntryPoint","urlTemplate":"https:\/\/cirmar.com\/?s={search_term_string}"},"query-input":{"@type":"PropertyValueSpecification","valueRequired":true,"valueName":"search_term_string"}}],"inLanguage":"de-DE"},{"@type":"Organization","@id":"https:\/\/cirmar.com\/#organization","name":"Cirmar","url":"https:\/\/cirmar.com\/","logo":{"@type":"ImageObject","inLanguage":"de-DE","@id":"https:\/\/cirmar.com\/#\/schema\/logo\/image\/","url":"https:\/\/www.cirmar.com\/app\/uploads\/2021\/09\/Group-14.png","contentUrl":"https:\/\/www.cirmar.com\/app\/uploads\/2021\/09\/Group-14.png","width":233,"height":95,"caption":"Cirmar"},"image":{"@id":"https:\/\/cirmar.com\/#\/schema\/logo\/image\/"}}]}},"_links":{"self":[{"href":"https:\/\/www.cirmar.dkpnt.nl\/de\/wp-json\/wp\/v2\/pages\/2246","targetHints":{"allow":["GET"]}}],"collection":[{"href":"https:\/\/www.cirmar.dkpnt.nl\/de\/wp-json\/wp\/v2\/pages"}],"about":[{"href":"https:\/\/www.cirmar.dkpnt.nl\/de\/wp-json\/wp\/v2\/types\/page"}],"author":[{"embeddable":true,"href":"https:\/\/www.cirmar.dkpnt.nl\/de\/wp-json\/wp\/v2\/users\/2"}],"replies":[{"embeddable":true,"href":"https:\/\/www.cirmar.dkpnt.nl\/de\/wp-json\/wp\/v2\/comments?post=2246"}],"version-history":[{"count":4,"href":"https:\/\/www.cirmar.dkpnt.nl\/de\/wp-json\/wp\/v2\/pages\/2246\/revisions"}],"predecessor-version":[{"id":2569,"href":"https:\/\/www.cirmar.dkpnt.nl\/de\/wp-json\/wp\/v2\/pages\/2246\/revisions\/2569"}],"wp:attachment":[{"href":"https:\/\/www.cirmar.dkpnt.nl\/de\/wp-json\/wp\/v2\/media?parent=2246"}],"curies":[{"name":"wp","href":"https:\/\/api.w.org\/{rel}","templated":true}]}}