{"id":1114,"date":"2022-04-22T15:14:11","date_gmt":"2022-04-22T13:14:11","guid":{"rendered":"https:\/\/www.cirmar.com\/general-terms-privacy-statements\/"},"modified":"2025-04-17T14:02:27","modified_gmt":"2025-04-17T12:02:27","slug":"general-terms-privacy-statements","status":"publish","type":"page","link":"https:\/\/www.cirmar.dkpnt.nl\/de\/general-terms-privacy-statements\/","title":{"rendered":"Allgemeine Gesch\u00e4ftsbedingungen, Datenschutzerkl\u00e4rungen und Impressum"},"content":{"rendered":"\n<p>Die allgemeine Gesch\u00e4ftsbedingungen finden Sie <a href=\"https:\/\/cirmar.com\/\/app\/uploads\/2025\/04\/250417_Online_Geschaftsbedingungen_Cirmar.pdf\" target=\"_blank\" rel=\"noreferrer noopener\">hier<\/a>.<\/p>\n\n\n\n<p>Die Datenschutzerkl\u00e4rung finden Sie <a href=\"https:\/\/cirmar.com\/\/app\/uploads\/2025\/04\/250417_DATENSCHUTZERKLARUNG_CIRMAR_DEU.pdf\" target=\"_blank\" rel=\"noreferrer noopener\">hier<\/a>.<\/p>\n\n\n\n<p>Das Impressum finden Sie <a href=\"https:\/\/cirmar.com\/\/app\/uploads\/2025\/01\/250115_CIRMAR_IMPRESSUM.pdf\" target=\"_blank\" rel=\"noreferrer noopener\">hier<\/a>.<\/p>\n","protected":false},"excerpt":{"rendered":"<p>Die allgemeine Gesch\u00e4ftsbedingungen finden Sie hier. Die Datenschutzerkl\u00e4rung finden Sie hier. Das Impressum finden Sie hier.<\/p>\n","protected":false},"author":3,"featured_media":0,"parent":0,"menu_order":0,"comment_status":"closed","ping_status":"closed","template":"","meta":{"_acf_changed":false,"footnotes":""},"class_list":["post-1114","page","type-page","status-publish","hentry"],"acf":[],"yoast_head":"<!-- This site is optimized with the Yoast SEO plugin v27.3 - https:\/\/yoast.com\/product\/yoast-seo-wordpress\/ -->\n<title>Allgemeine Gesch\u00e4ftsbedingungen, Datenschutzerkl\u00e4rungen und Impressum - Cirmar<\/title>\n<meta name=\"robots\" content=\"index, follow, max-snippet:-1, max-image-preview:large, max-video-preview:-1\" \/>\n<link rel=\"canonical\" href=\"https:\/\/cirmar.com\/de\/general-terms-privacy-statements\/\" \/>\n<meta property=\"og:locale\" content=\"de_DE\" \/>\n<meta property=\"og:type\" content=\"article\" \/>\n<meta property=\"og:title\" content=\"Allgemeine Gesch\u00e4ftsbedingungen, Datenschutzerkl\u00e4rungen und Impressum - Cirmar\" \/>\n<meta property=\"og:description\" content=\"Die allgemeine Gesch\u00e4ftsbedingungen finden Sie hier. Die Datenschutzerkl\u00e4rung finden Sie hier. Das Impressum finden Sie hier.\" \/>\n<meta property=\"og:url\" content=\"https:\/\/cirmar.com\/de\/general-terms-privacy-statements\/\" \/>\n<meta property=\"og:site_name\" content=\"Cirmar\" \/>\n<meta property=\"article:modified_time\" content=\"2025-04-17T12:02:27+00:00\" \/>\n<meta name=\"twitter:card\" content=\"summary_large_image\" \/>\n<meta name=\"twitter:label1\" content=\"Est. reading time\" \/>\n\t<meta name=\"twitter:data1\" content=\"1 minute\" \/>\n<script type=\"application\/ld+json\" class=\"yoast-schema-graph\">{\"@context\":\"https:\\\/\\\/schema.org\",\"@graph\":[{\"@type\":\"WebPage\",\"@id\":\"https:\\\/\\\/cirmar.com\\\/de\\\/general-terms-privacy-statements\\\/\",\"url\":\"https:\\\/\\\/cirmar.com\\\/de\\\/general-terms-privacy-statements\\\/\",\"name\":\"Allgemeine Gesch\u00e4ftsbedingungen, Datenschutzerkl\u00e4rungen und Impressum - Cirmar\",\"isPartOf\":{\"@id\":\"https:\\\/\\\/cirmar.com\\\/#website\"},\"datePublished\":\"2022-04-22T13:14:11+00:00\",\"dateModified\":\"2025-04-17T12:02:27+00:00\",\"breadcrumb\":{\"@id\":\"https:\\\/\\\/cirmar.com\\\/de\\\/general-terms-privacy-statements\\\/#breadcrumb\"},\"inLanguage\":\"de-DE\",\"potentialAction\":[{\"@type\":\"ReadAction\",\"target\":[\"https:\\\/\\\/cirmar.com\\\/de\\\/general-terms-privacy-statements\\\/\"]}]},{\"@type\":\"BreadcrumbList\",\"@id\":\"https:\\\/\\\/cirmar.com\\\/de\\\/general-terms-privacy-statements\\\/#breadcrumb\",\"itemListElement\":[{\"@type\":\"ListItem\",\"position\":1,\"name\":\"Cirmar\",\"item\":\"https:\\\/\\\/cirmar.com\\\/de\\\/\"},{\"@type\":\"ListItem\",\"position\":2,\"name\":\"Allgemeine Gesch\u00e4ftsbedingungen, Datenschutzerkl\u00e4rungen und Impressum\"}]},{\"@type\":\"WebSite\",\"@id\":\"https:\\\/\\\/cirmar.com\\\/#website\",\"url\":\"https:\\\/\\\/cirmar.com\\\/\",\"name\":\"Cirmar\",\"description\":\"The Digital Product Passport\",\"publisher\":{\"@id\":\"https:\\\/\\\/cirmar.com\\\/#organization\"},\"potentialAction\":[{\"@type\":\"SearchAction\",\"target\":{\"@type\":\"EntryPoint\",\"urlTemplate\":\"https:\\\/\\\/cirmar.com\\\/?s={search_term_string}\"},\"query-input\":{\"@type\":\"PropertyValueSpecification\",\"valueRequired\":true,\"valueName\":\"search_term_string\"}}],\"inLanguage\":\"de-DE\"},{\"@type\":\"Organization\",\"@id\":\"https:\\\/\\\/cirmar.com\\\/#organization\",\"name\":\"Cirmar\",\"url\":\"https:\\\/\\\/cirmar.com\\\/\",\"logo\":{\"@type\":\"ImageObject\",\"inLanguage\":\"de-DE\",\"@id\":\"https:\\\/\\\/cirmar.com\\\/#\\\/schema\\\/logo\\\/image\\\/\",\"url\":\"https:\\\/\\\/www.cirmar.com\\\/app\\\/uploads\\\/2021\\\/09\\\/Group-14.png\",\"contentUrl\":\"https:\\\/\\\/www.cirmar.com\\\/app\\\/uploads\\\/2021\\\/09\\\/Group-14.png\",\"width\":233,\"height\":95,\"caption\":\"Cirmar\"},\"image\":{\"@id\":\"https:\\\/\\\/cirmar.com\\\/#\\\/schema\\\/logo\\\/image\\\/\"}}]}<\/script>\n<!-- \/ Yoast SEO plugin. -->","yoast_head_json":{"title":"Allgemeine Gesch\u00e4ftsbedingungen, Datenschutzerkl\u00e4rungen und Impressum - Cirmar","robots":{"index":"index","follow":"follow","max-snippet":"max-snippet:-1","max-image-preview":"max-image-preview:large","max-video-preview":"max-video-preview:-1"},"canonical":"https:\/\/cirmar.com\/de\/general-terms-privacy-statements\/","og_locale":"de_DE","og_type":"article","og_title":"Allgemeine Gesch\u00e4ftsbedingungen, Datenschutzerkl\u00e4rungen und Impressum - Cirmar","og_description":"Die allgemeine Gesch\u00e4ftsbedingungen finden Sie hier. Die Datenschutzerkl\u00e4rung finden Sie hier. Das Impressum finden Sie hier.","og_url":"https:\/\/cirmar.com\/de\/general-terms-privacy-statements\/","og_site_name":"Cirmar","article_modified_time":"2025-04-17T12:02:27+00:00","twitter_card":"summary_large_image","twitter_misc":{"Est. reading time":"1 minute"},"schema":{"@context":"https:\/\/schema.org","@graph":[{"@type":"WebPage","@id":"https:\/\/cirmar.com\/de\/general-terms-privacy-statements\/","url":"https:\/\/cirmar.com\/de\/general-terms-privacy-statements\/","name":"Allgemeine Gesch\u00e4ftsbedingungen, Datenschutzerkl\u00e4rungen und Impressum - Cirmar","isPartOf":{"@id":"https:\/\/cirmar.com\/#website"},"datePublished":"2022-04-22T13:14:11+00:00","dateModified":"2025-04-17T12:02:27+00:00","breadcrumb":{"@id":"https:\/\/cirmar.com\/de\/general-terms-privacy-statements\/#breadcrumb"},"inLanguage":"de-DE","potentialAction":[{"@type":"ReadAction","target":["https:\/\/cirmar.com\/de\/general-terms-privacy-statements\/"]}]},{"@type":"BreadcrumbList","@id":"https:\/\/cirmar.com\/de\/general-terms-privacy-statements\/#breadcrumb","itemListElement":[{"@type":"ListItem","position":1,"name":"Cirmar","item":"https:\/\/cirmar.com\/de\/"},{"@type":"ListItem","position":2,"name":"Allgemeine Gesch\u00e4ftsbedingungen, Datenschutzerkl\u00e4rungen und Impressum"}]},{"@type":"WebSite","@id":"https:\/\/cirmar.com\/#website","url":"https:\/\/cirmar.com\/","name":"Cirmar","description":"The Digital Product Passport","publisher":{"@id":"https:\/\/cirmar.com\/#organization"},"potentialAction":[{"@type":"SearchAction","target":{"@type":"EntryPoint","urlTemplate":"https:\/\/cirmar.com\/?s={search_term_string}"},"query-input":{"@type":"PropertyValueSpecification","valueRequired":true,"valueName":"search_term_string"}}],"inLanguage":"de-DE"},{"@type":"Organization","@id":"https:\/\/cirmar.com\/#organization","name":"Cirmar","url":"https:\/\/cirmar.com\/","logo":{"@type":"ImageObject","inLanguage":"de-DE","@id":"https:\/\/cirmar.com\/#\/schema\/logo\/image\/","url":"https:\/\/www.cirmar.com\/app\/uploads\/2021\/09\/Group-14.png","contentUrl":"https:\/\/www.cirmar.com\/app\/uploads\/2021\/09\/Group-14.png","width":233,"height":95,"caption":"Cirmar"},"image":{"@id":"https:\/\/cirmar.com\/#\/schema\/logo\/image\/"}}]}},"_links":{"self":[{"href":"https:\/\/www.cirmar.dkpnt.nl\/de\/wp-json\/wp\/v2\/pages\/1114","targetHints":{"allow":["GET"]}}],"collection":[{"href":"https:\/\/www.cirmar.dkpnt.nl\/de\/wp-json\/wp\/v2\/pages"}],"about":[{"href":"https:\/\/www.cirmar.dkpnt.nl\/de\/wp-json\/wp\/v2\/types\/page"}],"author":[{"embeddable":true,"href":"https:\/\/www.cirmar.dkpnt.nl\/de\/wp-json\/wp\/v2\/users\/3"}],"replies":[{"embeddable":true,"href":"https:\/\/www.cirmar.dkpnt.nl\/de\/wp-json\/wp\/v2\/comments?post=1114"}],"version-history":[{"count":5,"href":"https:\/\/www.cirmar.dkpnt.nl\/de\/wp-json\/wp\/v2\/pages\/1114\/revisions"}],"predecessor-version":[{"id":5701,"href":"https:\/\/www.cirmar.dkpnt.nl\/de\/wp-json\/wp\/v2\/pages\/1114\/revisions\/5701"}],"wp:attachment":[{"href":"https:\/\/www.cirmar.dkpnt.nl\/de\/wp-json\/wp\/v2\/media?parent=1114"}],"curies":[{"name":"wp","href":"https:\/\/api.w.org\/{rel}","templated":true}]}}